{"id":162,"date":"2025-01-26T10:47:54","date_gmt":"2025-01-26T09:47:54","guid":{"rendered":"https:\/\/btf.ovh\/?page_id=162"},"modified":"2025-01-26T10:50:46","modified_gmt":"2025-01-26T09:50:46","slug":"meeting-1-posters-made-by-students","status":"publish","type":"page","link":"https:\/\/btf.ovh\/?page_id=162","title":{"rendered":"Posters made by students"},"content":{"rendered":"\n<figure class=\"wp-block-image size-large\"><img loading=\"lazy\" decoding=\"async\" width=\"1024\" height=\"576\" src=\"https:\/\/btf.ovh\/wp-content\/uploads\/2025\/01\/Canva-Germany-1-1024x576.png\" alt=\"\" class=\"wp-image-164\" srcset=\"https:\/\/btf.ovh\/wp-content\/uploads\/2025\/01\/Canva-Germany-1-1024x576.png 1024w, https:\/\/btf.ovh\/wp-content\/uploads\/2025\/01\/Canva-Germany-1-300x169.png 300w, https:\/\/btf.ovh\/wp-content\/uploads\/2025\/01\/Canva-Germany-1-768x432.png 768w, https:\/\/btf.ovh\/wp-content\/uploads\/2025\/01\/Canva-Germany-1-1536x864.png 1536w, https:\/\/btf.ovh\/wp-content\/uploads\/2025\/01\/Canva-Germany-1-350x197.png 350w, https:\/\/btf.ovh\/wp-content\/uploads\/2025\/01\/Canva-Germany-1-528x297.png 528w, https:\/\/btf.ovh\/wp-content\/uploads\/2025\/01\/Canva-Germany-1-860x484.png 860w, https:\/\/btf.ovh\/wp-content\/uploads\/2025\/01\/Canva-Germany-1.png 1920w\" sizes=\"auto, (max-width: 1024px) 100vw, 1024px\" \/><\/figure>\n\n\n\n<figure class=\"wp-block-image size-large\"><img loading=\"lazy\" decoding=\"async\" width=\"1024\" height=\"724\" src=\"https:\/\/btf.ovh\/wp-content\/uploads\/2025\/01\/Environmental-Benefits-of-Tree-Poster-A3-orizzontale-1024x724.jpg\" alt=\"\" class=\"wp-image-165\" srcset=\"https:\/\/btf.ovh\/wp-content\/uploads\/2025\/01\/Environmental-Benefits-of-Tree-Poster-A3-orizzontale-1024x724.jpg 1024w, https:\/\/btf.ovh\/wp-content\/uploads\/2025\/01\/Environmental-Benefits-of-Tree-Poster-A3-orizzontale-300x212.jpg 300w, https:\/\/btf.ovh\/wp-content\/uploads\/2025\/01\/Environmental-Benefits-of-Tree-Poster-A3-orizzontale-768x543.jpg 768w, https:\/\/btf.ovh\/wp-content\/uploads\/2025\/01\/Environmental-Benefits-of-Tree-Poster-A3-orizzontale-1536x1086.jpg 1536w, https:\/\/btf.ovh\/wp-content\/uploads\/2025\/01\/Environmental-Benefits-of-Tree-Poster-A3-orizzontale.jpg 2000w\" sizes=\"auto, (max-width: 1024px) 100vw, 1024px\" \/><\/figure>\n\n\n\n<figure class=\"wp-block-image size-large\"><img loading=\"lazy\" decoding=\"async\" width=\"1024\" height=\"724\" src=\"https:\/\/btf.ovh\/wp-content\/uploads\/2025\/01\/IMG-20241213-WA0023-1024x724.jpg\" alt=\"\" class=\"wp-image-166\" srcset=\"https:\/\/btf.ovh\/wp-content\/uploads\/2025\/01\/IMG-20241213-WA0023-1024x724.jpg 1024w, https:\/\/btf.ovh\/wp-content\/uploads\/2025\/01\/IMG-20241213-WA0023-300x212.jpg 300w, https:\/\/btf.ovh\/wp-content\/uploads\/2025\/01\/IMG-20241213-WA0023-768x543.jpg 768w, https:\/\/btf.ovh\/wp-content\/uploads\/2025\/01\/IMG-20241213-WA0023-1536x1086.jpg 1536w, https:\/\/btf.ovh\/wp-content\/uploads\/2025\/01\/IMG-20241213-WA0023.jpg 1600w\" sizes=\"auto, (max-width: 1024px) 100vw, 1024px\" \/><\/figure>\n\n\n\n<div data-wp-interactive=\"core\/file\" class=\"wp-block-file\"><object data-wp-bind--hidden=\"!state.hasPdfPreview\" hidden class=\"wp-block-file__embed\" data=\"https:\/\/btf.ovh\/wp-content\/uploads\/2025\/01\/carbon-footprint-for-danish-school.pdf\" type=\"application\/pdf\" style=\"width:100%;height:600px\" aria-label=\"Contenu embarqu\u00e9 carbon footprint for danish school.\"><\/object><a id=\"wp-block-file--media-f783e6a5-587d-40dc-aeed-0c74ab4e7297\" href=\"https:\/\/btf.ovh\/wp-content\/uploads\/2025\/01\/carbon-footprint-for-danish-school.pdf\">carbon footprint for danish school<\/a><a href=\"https:\/\/btf.ovh\/wp-content\/uploads\/2025\/01\/carbon-footprint-for-danish-school.pdf\" class=\"wp-block-file__button wp-element-button\" download aria-describedby=\"wp-block-file--media-f783e6a5-587d-40dc-aeed-0c74ab4e7297\">T\u00e9l\u00e9charger<\/a><\/div>\n\n\n\n<div data-wp-interactive=\"core\/file\" class=\"wp-block-file\"><object data-wp-bind--hidden=\"!state.hasPdfPreview\" hidden class=\"wp-block-file__embed\" data=\"https:\/\/btf.ovh\/wp-content\/uploads\/2025\/01\/erasmus-poster.pdf\" type=\"application\/pdf\" style=\"width:100%;height:600px\" aria-label=\"Contenu embarqu\u00e9 erasmus poster.\"><\/object><a id=\"wp-block-file--media-1ffa6921-ec0e-4e6e-bc2e-1768009e1de6\" href=\"https:\/\/btf.ovh\/wp-content\/uploads\/2025\/01\/erasmus-poster.pdf\">erasmus poster<\/a><a href=\"https:\/\/btf.ovh\/wp-content\/uploads\/2025\/01\/erasmus-poster.pdf\" class=\"wp-block-file__button wp-element-button\" download aria-describedby=\"wp-block-file--media-1ffa6921-ec0e-4e6e-bc2e-1768009e1de6\">T\u00e9l\u00e9charger<\/a><\/div>\n\n\n\n<div data-wp-interactive=\"core\/file\" class=\"wp-block-file\"><object data-wp-bind--hidden=\"!state.hasPdfPreview\" hidden class=\"wp-block-file__embed\" data=\"https:\/\/btf.ovh\/wp-content\/uploads\/2025\/01\/La-Magie-de-la-Creativite.pdf\" type=\"application\/pdf\" style=\"width:100%;height:600px\" aria-label=\"Contenu embarqu\u00e9 La Magie de la Cr\u00e9ativit\u00e9.\"><\/object><a id=\"wp-block-file--media-3337c4b3-2e6e-4359-953d-6687ab90afdb\" href=\"https:\/\/btf.ovh\/wp-content\/uploads\/2025\/01\/La-Magie-de-la-Creativite.pdf\">La Magie de la Cr\u00e9ativit\u00e9<\/a><a href=\"https:\/\/btf.ovh\/wp-content\/uploads\/2025\/01\/La-Magie-de-la-Creativite.pdf\" class=\"wp-block-file__button wp-element-button\" download aria-describedby=\"wp-block-file--media-3337c4b3-2e6e-4359-953d-6687ab90afdb\">T\u00e9l\u00e9charger<\/a><\/div>\n\n\n\n<div data-wp-interactive=\"core\/file\" class=\"wp-block-file\"><object data-wp-bind--hidden=\"!state.hasPdfPreview\" hidden class=\"wp-block-file__embed\" data=\"https:\/\/btf.ovh\/wp-content\/uploads\/2025\/01\/Organisch.pdf\" type=\"application\/pdf\" style=\"width:100%;height:600px\" aria-label=\"Contenu embarqu\u00e9 Organisch.\"><\/object><a id=\"wp-block-file--media-8cf25603-bbc8-4a23-94bf-f9268e98d5fb\" href=\"https:\/\/btf.ovh\/wp-content\/uploads\/2025\/01\/Organisch.pdf\">Organisch<\/a><a href=\"https:\/\/btf.ovh\/wp-content\/uploads\/2025\/01\/Organisch.pdf\" class=\"wp-block-file__button wp-element-button\" download aria-describedby=\"wp-block-file--media-8cf25603-bbc8-4a23-94bf-f9268e98d5fb\">T\u00e9l\u00e9charger<\/a><\/div>\n\n\n\n<div data-wp-interactive=\"core\/file\" class=\"wp-block-file\"><object data-wp-bind--hidden=\"!state.hasPdfPreview\" hidden class=\"wp-block-file__embed\" data=\"https:\/\/btf.ovh\/wp-content\/uploads\/2025\/01\/poster-carbone-sprint.pdf\" type=\"application\/pdf\" style=\"width:100%;height:600px\" aria-label=\"Contenu embarqu\u00e9 poster carbone sprint.\"><\/object><a id=\"wp-block-file--media-02493ca5-f57a-4d87-8c6f-9521fc464e84\" href=\"https:\/\/btf.ovh\/wp-content\/uploads\/2025\/01\/poster-carbone-sprint.pdf\">poster carbone sprint<\/a><a href=\"https:\/\/btf.ovh\/wp-content\/uploads\/2025\/01\/poster-carbone-sprint.pdf\" class=\"wp-block-file__button wp-element-button\" download aria-describedby=\"wp-block-file--media-02493ca5-f57a-4d87-8c6f-9521fc464e84\">T\u00e9l\u00e9charger<\/a><\/div>\n\n\n\n<div data-wp-interactive=\"core\/file\" class=\"wp-block-file\"><object data-wp-bind--hidden=\"!state.hasPdfPreview\" hidden class=\"wp-block-file__embed\" data=\"https:\/\/btf.ovh\/wp-content\/uploads\/2025\/01\/What-are-the-advantages-to-reduce-the-carbon-footprint.pdf\" type=\"application\/pdf\" style=\"width:100%;height:600px\" aria-label=\"Contenu embarqu\u00e9 What are the advantages to reduce the carbon footprint.\"><\/object><a id=\"wp-block-file--media-85d07ff4-f053-4d9c-84f3-c9b3e428512a\" href=\"https:\/\/btf.ovh\/wp-content\/uploads\/2025\/01\/What-are-the-advantages-to-reduce-the-carbon-footprint.pdf\">What are the advantages to reduce the carbon footprint<\/a><a href=\"https:\/\/btf.ovh\/wp-content\/uploads\/2025\/01\/What-are-the-advantages-to-reduce-the-carbon-footprint.pdf\" class=\"wp-block-file__button wp-element-button\" download aria-describedby=\"wp-block-file--media-85d07ff4-f053-4d9c-84f3-c9b3e428512a\">T\u00e9l\u00e9charger<\/a><\/div>\n\n\n\n<div data-wp-interactive=\"core\/file\" class=\"wp-block-file\"><object data-wp-bind--hidden=\"!state.hasPdfPreview\" hidden class=\"wp-block-file__embed\" data=\"https:\/\/btf.ovh\/wp-content\/uploads\/2025\/01\/Zenias-poster.pdf\" type=\"application\/pdf\" style=\"width:100%;height:600px\" aria-label=\"Contenu embarqu\u00e9 Zenia&apos;s poster.\"><\/object><a id=\"wp-block-file--media-31ac9fdd-b3c5-4c93-8fa0-9104a9d55877\" href=\"https:\/\/btf.ovh\/wp-content\/uploads\/2025\/01\/Zenias-poster.pdf\">Zenia&rsquo;s poster<\/a><a href=\"https:\/\/btf.ovh\/wp-content\/uploads\/2025\/01\/Zenias-poster.pdf\" class=\"wp-block-file__button wp-element-button\" download aria-describedby=\"wp-block-file--media-31ac9fdd-b3c5-4c93-8fa0-9104a9d55877\">T\u00e9l\u00e9charger<\/a><\/div>\n","protected":false},"excerpt":{"rendered":"","protected":false},"author":1,"featured_media":0,"parent":0,"menu_order":0,"comment_status":"closed","ping_status":"closed","template":"","meta":{"ngg_post_thumbnail":0,"footnotes":""},"class_list":["post-162","page","type-page","status-publish","hentry"],"_links":{"self":[{"href":"https:\/\/btf.ovh\/index.php?rest_route=\/wp\/v2\/pages\/162","targetHints":{"allow":["GET"]}}],"collection":[{"href":"https:\/\/btf.ovh\/index.php?rest_route=\/wp\/v2\/pages"}],"about":[{"href":"https:\/\/btf.ovh\/index.php?rest_route=\/wp\/v2\/types\/page"}],"author":[{"embeddable":true,"href":"https:\/\/btf.ovh\/index.php?rest_route=\/wp\/v2\/users\/1"}],"replies":[{"embeddable":true,"href":"https:\/\/btf.ovh\/index.php?rest_route=%2Fwp%2Fv2%2Fcomments&post=162"}],"version-history":[{"count":2,"href":"https:\/\/btf.ovh\/index.php?rest_route=\/wp\/v2\/pages\/162\/revisions"}],"predecessor-version":[{"id":180,"href":"https:\/\/btf.ovh\/index.php?rest_route=\/wp\/v2\/pages\/162\/revisions\/180"}],"wp:attachment":[{"href":"https:\/\/btf.ovh\/index.php?rest_route=%2Fwp%2Fv2%2Fmedia&parent=162"}],"curies":[{"name":"wp","href":"https:\/\/api.w.org\/{rel}","templated":true}]}}