{"id":223,"date":"2025-10-05T17:55:18","date_gmt":"2025-10-05T15:55:18","guid":{"rendered":"https:\/\/btf.ovh\/?page_id=223"},"modified":"2025-10-05T17:56:04","modified_gmt":"2025-10-05T15:56:04","slug":"deux-anciens-eleves-apportent-leur-aide","status":"publish","type":"page","link":"https:\/\/btf.ovh\/?page_id=223","title":{"rendered":"Deux anciens \u00e9l\u00e8ves apportent leur aide."},"content":{"rendered":"\n<p><br>En mars 2025, deux anciens \u00e9l\u00e8ves de Beauregard sont venus nous aider dans notre projet. Il s&rsquo;agissait de Ma\u00eblle Garcia et Aur\u00e9lien Mure qui ont eut leur bac en 2015. Apr\u00e8s un bac S option SI, une classe pr\u00e9paratoire et une grande \u00e9cole, ils sont tous les deux devenus ing\u00e9nieurs.<br>Ma\u00eblle travaille aujourd\u2019hui \u00e0 la ville de Paris et est en charge de r\u00e9novation de b\u00e2timents public. Elle s&rsquo;occupe souvent d&rsquo;\u00e9coles et g\u00e8re les travaux pour que les mat\u00e9riaux aient un impact le plus faible et que les b\u00e2timents soient adapt\u00e9s au climat de 2050.<br>Aur\u00e9lien travaille dans un organisme qui fournit des \u00e9tudes aux administrations d\u00e9sirants adapter leur activit\u00e9s, et leur territoires au changement climatique. Il fournit par exemple des cartes satellites des ilots de chaleurs \u00e0 des mairies.<\/p>\n\n\n\n<p>Tous deux nous ont fait une pr\u00e9sentation de leurs travail, nous ont expliqu\u00e9 \u00e0 quoi ressemblerait le climat en 2050 et nous ont ensuite pr\u00e9sent\u00e9 des id\u00e9es de r\u00e9novations et d&rsquo;adaptations \u00e0 mettre en \u0153uvre dans notre lyc\u00e9e.<br>Par exemple en 2050, les \u00e9pisodes de chaleurs intenses seront bien plus fr\u00e9quents. Nos cours de r\u00e9cr\u00e9ation devrons donc \u00eatre rapidement re-v\u00e9g\u00e9talis\u00e9es afin fournir des espaces plus frais et agr\u00e9ables. Cela permettra aussi \u00e0 l&rsquo;eau de s\u2019infiltrer dans le sol plut\u00f4t que de partir dans les \u00e9gouts.<\/p>\n\n\n\n<p>Nous avons pass\u00e9 une excellente matin\u00e9e, tr\u00e8s riche et tr\u00e8s instructive.<\/p>\n\n\n\n<figure class=\"wp-block-image size-large\"><img loading=\"lazy\" decoding=\"async\" width=\"1024\" height=\"768\" src=\"https:\/\/btf.ovh\/wp-content\/uploads\/2025\/10\/Si1-1024x768.jpg\" alt=\"\" class=\"wp-image-224\" srcset=\"https:\/\/btf.ovh\/wp-content\/uploads\/2025\/10\/Si1-1024x768.jpg 1024w, https:\/\/btf.ovh\/wp-content\/uploads\/2025\/10\/Si1-300x225.jpg 300w, https:\/\/btf.ovh\/wp-content\/uploads\/2025\/10\/Si1-768x576.jpg 768w, https:\/\/btf.ovh\/wp-content\/uploads\/2025\/10\/Si1-1536x1152.jpg 1536w, https:\/\/btf.ovh\/wp-content\/uploads\/2025\/10\/Si1-2048x1536.jpg 2048w\" sizes=\"auto, (max-width: 1024px) 100vw, 1024px\" \/><\/figure>\n\n\n\n<figure class=\"wp-block-image size-large\"><img loading=\"lazy\" decoding=\"async\" width=\"1024\" height=\"768\" src=\"https:\/\/btf.ovh\/wp-content\/uploads\/2025\/10\/Si2-1024x768.jpg\" alt=\"\" class=\"wp-image-225\" srcset=\"https:\/\/btf.ovh\/wp-content\/uploads\/2025\/10\/Si2-1024x768.jpg 1024w, https:\/\/btf.ovh\/wp-content\/uploads\/2025\/10\/Si2-300x225.jpg 300w, https:\/\/btf.ovh\/wp-content\/uploads\/2025\/10\/Si2-768x576.jpg 768w, https:\/\/btf.ovh\/wp-content\/uploads\/2025\/10\/Si2-1536x1152.jpg 1536w, https:\/\/btf.ovh\/wp-content\/uploads\/2025\/10\/Si2-2048x1536.jpg 2048w\" sizes=\"auto, (max-width: 1024px) 100vw, 1024px\" \/><\/figure>\n\n\n\n<p><a href=\"https:\/\/beauregard.ent.auvergnerhonealpes.fr\/actualites-pedagogiques-lgt-et-lp-\/projet-erasmus-deux-anciens-eleves-apportent-leur-aide--11205.htm?URL_BLOG_FILTRE=%3FDATE%3DTOUS%26ORDRE%3DORDRE_DATE_MODIFICATION%26FROM%3D25%232388\">https:\/\/beauregard.ent.auvergnerhonealpes.fr\/actualites-pedagogiques-lgt-et-lp-\/projet-erasmus-deux-anciens-eleves-apportent-leur-aide&#8211;11205.htm?URL_BLOG_FILTRE=%3FDATE%3DTOUS%26ORDRE%3DORDRE_DATE_MODIFICATION%26FROM%3D25%232388<\/a><\/p>\n\n\n\n<p><\/p>\n","protected":false},"excerpt":{"rendered":"<p>En mars 2025, deux anciens \u00e9l\u00e8ves de Beauregard sont venus nous aider dans notre projet. Il s&rsquo;agissait de Ma\u00eblle Garcia et Aur\u00e9lien Mure qui ont eut leur bac en 2015. Apr\u00e8s un bac S option SI, une classe pr\u00e9paratoire et une grande \u00e9cole, ils sont tous les deux devenus ing\u00e9nieurs.Ma\u00eblle travaille aujourd\u2019hui \u00e0 la ville <a class=\"more-link\" href=\"https:\/\/btf.ovh\/?page_id=223\">Lire plus &#8230;<\/a><\/p>\n","protected":false},"author":1,"featured_media":0,"parent":0,"menu_order":0,"comment_status":"closed","ping_status":"closed","template":"","meta":{"ngg_post_thumbnail":0,"footnotes":""},"class_list":["post-223","page","type-page","status-publish","hentry"],"_links":{"self":[{"href":"https:\/\/btf.ovh\/index.php?rest_route=\/wp\/v2\/pages\/223","targetHints":{"allow":["GET"]}}],"collection":[{"href":"https:\/\/btf.ovh\/index.php?rest_route=\/wp\/v2\/pages"}],"about":[{"href":"https:\/\/btf.ovh\/index.php?rest_route=\/wp\/v2\/types\/page"}],"author":[{"embeddable":true,"href":"https:\/\/btf.ovh\/index.php?rest_route=\/wp\/v2\/users\/1"}],"replies":[{"embeddable":true,"href":"https:\/\/btf.ovh\/index.php?rest_route=%2Fwp%2Fv2%2Fcomments&post=223"}],"version-history":[{"count":2,"href":"https:\/\/btf.ovh\/index.php?rest_route=\/wp\/v2\/pages\/223\/revisions"}],"predecessor-version":[{"id":228,"href":"https:\/\/btf.ovh\/index.php?rest_route=\/wp\/v2\/pages\/223\/revisions\/228"}],"wp:attachment":[{"href":"https:\/\/btf.ovh\/index.php?rest_route=%2Fwp%2Fv2%2Fmedia&parent=223"}],"curies":[{"name":"wp","href":"https:\/\/api.w.org\/{rel}","templated":true}]}}